{"id":2546,"date":"2020-06-23T06:54:31","date_gmt":"2020-06-23T06:54:31","guid":{"rendered":"http:\/\/manzanoarquitectos.com\/?page_id=2546"},"modified":"2026-03-02T10:41:50","modified_gmt":"2026-03-02T10:41:50","slug":"arquitectura","status":"publish","type":"page","link":"https:\/\/manzanoarquitectos.com\/","title":{"rendered":"INICIO"},"content":{"rendered":"<p>[et_pb_section fb_built=\u00bb1&#8243; fullwidth=\u00bbon\u00bb _builder_version=\u00bb4.16&#8243; global_colors_info=\u00bb{}\u00bb][et_pb_fullwidth_slider _builder_version=\u00bb4.16&#8243; header_font=\u00bbRubik|500||on|||||\u00bb header_font_size=\u00bb48px\u00bb header_letter_spacing=\u00bb1px\u00bb body_font=\u00bbRubik||||||||\u00bb body_font_size=\u00bb16px\u00bb body_letter_spacing=\u00bb1px\u00bb body_line_height=\u00bb1.8em\u00bb custom_button=\u00bbon\u00bb button_text_size=\u00bb20px\u00bb button_text_color=\u00bb#0c71c3&#8243; button_bg_color=\u00bb#ffffff\u00bb button_border_width=\u00bb0px\u00bb button_border_radius=\u00bb0px\u00bb button_letter_spacing=\u00bb2px\u00bb button_font=\u00bbRubik|700||on|||||\u00bb content_width=\u00bb100%\u00bb custom_padding=\u00bb125px||125px||true|false\u00bb custom_padding_tablet=\u00bb\u00bb custom_padding_phone=\u00bb30px||30px||true|false\u00bb custom_padding_last_edited=\u00bbon|phone\u00bb auto=\u00bbon\u00bb header_font_size_tablet=\u00bb\u00bb header_font_size_phone=\u00bb36px\u00bb header_font_size_last_edited=\u00bbon|phone\u00bb global_colors_info=\u00bb{}\u00bb][et_pb_slide heading=\u00bbSERVICIOS\u00bb button_text=\u00bbVER M\u00c1S\u00bb button_link=\u00bbhttp:\/\/manzanoarquitectos.com\/index.php\/serviciosarquitectura\/\u00bb use_bg_overlay=\u00bbon\u00bb bg_overlay_color=\u00bbrgba(42,42,42,0.1)\u00bb use_text_overlay=\u00bboff\u00bb _builder_version=\u00bb4.16&#8243; header_font_size=\u00bb50px\u00bb header_letter_spacing=\u00bb2px\u00bb body_font=\u00bbRubik|500|||||||\u00bb body_text_color=\u00bb#ffffff\u00bb body_font_size=\u00bb21px\u00bb body_line_height=\u00bb1.5em\u00bb background_image=\u00bbhttp:\/\/manzanoarquitectos.com\/wp-content\/uploads\/2020\/06\/vivienda-sostenible.jpg\u00bb background_enable_image=\u00bbon\u00bb background_position=\u00bbtop_center\u00bb width=\u00bb90%\u00bb header_font_size_tablet=\u00bb50px\u00bb header_font_size_phone=\u00bb40px\u00bb header_font_size_last_edited=\u00bbon|tablet\u00bb body_font_size_tablet=\u00bb18px\u00bb body_font_size_phone=\u00bb16px\u00bb body_font_size_last_edited=\u00bbon|phone\u00bb global_colors_info=\u00bb{}\u00bb sticky_transition=\u00bbon\u00bb]<\/p>\n<p>Estudio de arquitectura en Sierra de Gata, Moraleja y Coria.<\/p>\n<p>Visita nuestra p\u00e1gina y podr\u00e1s descubrir todos los servicios que ofrecemos.<br \/> Hacemos proyectos de obra nueva, reformas y rehabilitaciones, direcciones de obra, informes y valoraciones, proyectos urban\u00edsticos, y muchos m\u00e1s.<\/p>\n<p>[\/et_pb_slide][et_pb_slide heading=\u00bbEDIFICIOS DOCENTES\u00bb button_text=\u00bbVER M\u00c1S\u00bb button_link=\u00bbhttp:\/\/manzanoarquitectos.com\/index.php\/docente\/\u00bb use_bg_overlay=\u00bbon\u00bb bg_overlay_color=\u00bbrgba(42,42,42,0.15)\u00bb use_text_overlay=\u00bboff\u00bb _builder_version=\u00bb4.16&#8243; header_text_color=\u00bb#ffffff\u00bb header_font_size=\u00bb50px\u00bb header_letter_spacing=\u00bb1px\u00bb body_font=\u00bbRubik|500|||||||\u00bb body_text_color=\u00bb#ffffff\u00bb body_font_size=\u00bb22px\u00bb body_letter_spacing=\u00bb1px\u00bb body_line_height=\u00bb1.5em\u00bb background_image=\u00bbhttp:\/\/manzanoarquitectos.com\/wp-content\/uploads\/2020\/06\/Wnuevoiesjalamamoraleja-2.jpg\u00bb background_enable_image=\u00bbon\u00bb width=\u00bb85%\u00bb header_font_size_tablet=\u00bb50px\u00bb header_font_size_phone=\u00bb39px\u00bb header_font_size_last_edited=\u00bbon|phone\u00bb body_font_size_tablet=\u00bb20px\u00bb body_font_size_phone=\u00bb17px\u00bb body_font_size_last_edited=\u00bbon|tablet\u00bb global_colors_info=\u00bb{}\u00bb sticky_transition=\u00bbon\u00bb]<\/p>\n<p>Visita nuestra galer\u00eda de proyectos docentes y descubre algunos de nuestros trabajos en educaci\u00f3n, como institutos o guarder\u00edas.<\/p>\n<p>[\/et_pb_slide][et_pb_slide heading=\u00bbEDIFICIOS RESIDENCIALES\u00bb button_text=\u00bbVER M\u00c1S\u00bb button_link=\u00bbhttp:\/\/manzanoarquitectos.com\/index.php\/galeria-proyectos-residencial\/\u00bb use_bg_overlay=\u00bbon\u00bb bg_overlay_color=\u00bbrgba(42,42,42,0.15)\u00bb _builder_version=\u00bb4.16&#8243; header_font_size=\u00bb50px\u00bb header_letter_spacing=\u00bb0px\u00bb body_font=\u00bbRubik|500|||||||\u00bb body_text_color=\u00bb#ffffff\u00bb body_font_size=\u00bb22px\u00bb body_letter_spacing=\u00bb2px\u00bb body_line_height=\u00bb1.5em\u00bb background_image=\u00bbhttp:\/\/manzanoarquitectos.com\/wp-content\/uploads\/2020\/06\/W-vivienda-1.jpg\u00bb background_enable_image=\u00bbon\u00bb width=\u00bb90%\u00bb width_tablet=\u00bb\u00bb width_phone=\u00bb\u00bb width_last_edited=\u00bbon|phone\u00bb header_font_size_tablet=\u00bb50px\u00bb header_font_size_phone=\u00bb34px\u00bb header_font_size_last_edited=\u00bbon|phone\u00bb body_font_size_tablet=\u00bb20px\u00bb body_font_size_phone=\u00bb17px\u00bb body_font_size_last_edited=\u00bbon|tablet\u00bb global_colors_info=\u00bb{}\u00bb sticky_transition=\u00bbon\u00bb]<\/p>\n<p>Visita nuestra galer\u00eda de proyectos residenciales y descubre algunos de nuestros trabajos realizados tanto en vivienda unifamiliar como en vivienda colectiva.<\/p>\n<p>[\/et_pb_slide][et_pb_slide heading=\u00bbEDIFICIOS SANITARIOS\u00bb button_text=\u00bbVER M\u00c1S\u00bb button_link=\u00bbhttp:\/\/manzanoarquitectos.com\/index.php\/galeria-sanitario\/\u00bb use_bg_overlay=\u00bbon\u00bb bg_overlay_color=\u00bbrgba(42,42,42,0.15)\u00bb _builder_version=\u00bb4.16&#8243; header_font_size=\u00bb50px\u00bb header_letter_spacing=\u00bb0px\u00bb body_font=\u00bbRubik|500|||||||\u00bb body_text_color=\u00bb#ffffff\u00bb body_font_size=\u00bb22px\u00bb body_letter_spacing=\u00bb2px\u00bb body_line_height=\u00bb1.5em\u00bb background_image=\u00bbhttp:\/\/manzanoarquitectos.com\/wp-content\/uploads\/2020\/06\/Waccesocentrodesalud.jpg\u00bb background_enable_image=\u00bbon\u00bb background_position=\u00bbtop_center\u00bb width=\u00bb90%\u00bb header_font_size_tablet=\u00bb50px\u00bb header_font_size_phone=\u00bb38px\u00bb header_font_size_last_edited=\u00bbon|phone\u00bb body_font_size_tablet=\u00bb20px\u00bb body_font_size_phone=\u00bb17px\u00bb body_font_size_last_edited=\u00bbon|tablet\u00bb global_colors_info=\u00bb{}\u00bb sticky_transition=\u00bbon\u00bb]<\/p>\n<p>Visita nuestra galer\u00eda de proyectos sanitarios (centros de salud, hospitales) y descubre algunos de nuestros trabajos.<\/p>\n<p>[\/et_pb_slide][et_pb_slide heading=\u00bbEDIFICIOS ASISTENCIALES\u00bb button_text=\u00bbVER M\u00c1S\u00bb button_link=\u00bbhttp:\/\/manzanoarquitectos.com\/index.php\/galeria-asistencial\/\u00bb use_bg_overlay=\u00bbon\u00bb bg_overlay_color=\u00bbrgba(42,42,42,0.15)\u00bb _builder_version=\u00bb4.16&#8243; header_font_size=\u00bb50px\u00bb header_letter_spacing=\u00bb0px\u00bb body_font=\u00bbRubik|500|||||||\u00bb body_text_color=\u00bb#ffffff\u00bb body_font_size=\u00bb22px\u00bb body_letter_spacing=\u00bb2px\u00bb body_line_height=\u00bb1.5em\u00bb background_image=\u00bbhttp:\/\/manzanoarquitectos.com\/wp-content\/uploads\/2020\/06\/proyectoresidenciagata.jpg\u00bb background_enable_image=\u00bbon\u00bb background_position=\u00bbtop_center\u00bb width=\u00bb95%\u00bb header_font_size_tablet=\u00bb50px\u00bb header_font_size_phone=\u00bb32px\u00bb header_font_size_last_edited=\u00bbon|phone\u00bb body_font_size_tablet=\u00bb20px\u00bb body_font_size_phone=\u00bb17px\u00bb body_font_size_last_edited=\u00bbon|tablet\u00bb global_colors_info=\u00bb{}\u00bb sticky_transition=\u00bbon\u00bb]<\/p>\n<p>Visita nuestra galer\u00eda de proyectos asistenciales y descubre algunos de nuestros trabajos realizados como residencias de ancianos o centros para discapacitados.<\/p>\n<p>[\/et_pb_slide][\/et_pb_fullwidth_slider][\/et_pb_section][et_pb_section fb_built=\u00bb1&#8243; _builder_version=\u00bb4.27.2&#8243; _module_preset=\u00bbdefault\u00bb custom_padding=\u00bb8px||4px|||\u00bb global_colors_info=\u00bb{}\u00bb][et_pb_row column_structure=\u00bb1_4,1_4,1_4,1_4&#8243; _builder_version=\u00bb4.27.2&#8243; _module_preset=\u00bbdefault\u00bb custom_padding=\u00bb17px||12px|||\u00bb global_colors_info=\u00bb{}\u00bb][et_pb_column type=\u00bb1_4&#8243; _builder_version=\u00bb4.27.2&#8243; _module_preset=\u00bbdefault\u00bb global_colors_info=\u00bb{}\u00bb][et_pb_image src=\u00bbhttp:\/\/manzanoarquitectos.com\/wp-content\/uploads\/2026\/02\/es_cofinanciado_por_la_union_europea_pos-scaled.png\u00bb title_text=\u00bbes_cofinanciado_por_la_union_europea_pos\u00bb url=\u00bbhttps:\/\/manzanoarquitectos.com\/index.php\/3067-2\/\u00bb _builder_version=\u00bb4.27.2&#8243; _module_preset=\u00bbdefault\u00bb hover_enabled=\u00bb0&#8243; global_colors_info=\u00bb{}\u00bb sticky_enabled=\u00bb0&#8243;][\/et_pb_image][\/et_pb_column][et_pb_column type=\u00bb1_4&#8243; _builder_version=\u00bb4.27.2&#8243; _module_preset=\u00bbdefault\u00bb global_colors_info=\u00bb{}\u00bb][et_pb_image src=\u00bbhttp:\/\/manzanoarquitectos.com\/wp-content\/uploads\/2026\/02\/Logotipos_RGB_FondosEuropeos_Positivo_Castellano.png\u00bb title_text=\u00bbLogotipos_RGB_FondosEuropeos_Positivo_Castellano\u00bb _builder_version=\u00bb4.27.2&#8243; _module_preset=\u00bbdefault\u00bb hover_enabled=\u00bb0&#8243; global_colors_info=\u00bb{}\u00bb url=\u00bbhttps:\/\/manzanoarquitectos.com\/index.php\/3067-2\/\u00bb sticky_enabled=\u00bb0&#8243;][\/et_pb_image][\/et_pb_column][et_pb_column type=\u00bb1_4&#8243; _builder_version=\u00bb4.27.2&#8243; _module_preset=\u00bbdefault\u00bb global_colors_info=\u00bb{}\u00bb][et_pb_image src=\u00bbhttp:\/\/manzanoarquitectos.com\/wp-content\/uploads\/2026\/02\/2023-MHAC-Todos-copia-2-scaled.png\u00bb title_text=\u00bb2023-MHAC-Todos &#8211; copia (2)\u00bb url=\u00bbhttps:\/\/manzanoarquitectos.com\/index.php\/3067-2\/\u00bb url_new_window=\u00bbon\u00bb _builder_version=\u00bb4.27.2&#8243; _module_preset=\u00bbdefault\u00bb hover_enabled=\u00bb0&#8243; global_colors_info=\u00bb{}\u00bb sticky_enabled=\u00bb0&#8243;][\/et_pb_image][\/et_pb_column][et_pb_column type=\u00bb1_4&#8243; _builder_version=\u00bb4.27.2&#8243; _module_preset=\u00bbdefault\u00bb global_colors_info=\u00bb{}\u00bb][et_pb_image src=\u00bbhttp:\/\/manzanoarquitectos.com\/wp-content\/uploads\/2026\/02\/LOGO-CONSEJ-ACTUALIZADO.png\u00bb title_text=\u00bbLOGO CONSEJ ACTUALIZADO\u00bb url=\u00bbhttps:\/\/manzanoarquitectos.com\/index.php\/3067-2\/\u00bb url_new_window=\u00bbon\u00bb _builder_version=\u00bb4.27.2&#8243; _module_preset=\u00bbdefault\u00bb hover_enabled=\u00bb0&#8243; global_colors_info=\u00bb{}\u00bb sticky_enabled=\u00bb0&#8243;][\/et_pb_image][\/et_pb_column][\/et_pb_row][\/et_pb_section]<\/p>\n","protected":false},"excerpt":{"rendered":"<p>Estudio de arquitectura en Sierra de Gata, Moraleja y Coria. Visita nuestra p\u00e1gina y podr\u00e1s descubrir todos los servicios que ofrecemos. Hacemos proyectos de obra nueva, reformas y rehabilitaciones, direcciones de obra, informes y valoraciones, proyectos urban\u00edsticos, y muchos m\u00e1s.Visita nuestra galer\u00eda de proyectos docentes y descubre algunos de nuestros trabajos en educaci\u00f3n, como institutos [&hellip;]<\/p>\n","protected":false},"author":2,"featured_media":0,"parent":0,"menu_order":0,"comment_status":"closed","ping_status":"closed","template":"","meta":{"_et_pb_use_builder":"on","_et_pb_old_content":"","_et_gb_content_width":"","footnotes":""},"class_list":["post-2546","page","type-page","status-publish","hentry"],"_links":{"self":[{"href":"https:\/\/manzanoarquitectos.com\/index.php\/wp-json\/wp\/v2\/pages\/2546","targetHints":{"allow":["GET"]}}],"collection":[{"href":"https:\/\/manzanoarquitectos.com\/index.php\/wp-json\/wp\/v2\/pages"}],"about":[{"href":"https:\/\/manzanoarquitectos.com\/index.php\/wp-json\/wp\/v2\/types\/page"}],"author":[{"embeddable":true,"href":"https:\/\/manzanoarquitectos.com\/index.php\/wp-json\/wp\/v2\/users\/2"}],"replies":[{"embeddable":true,"href":"https:\/\/manzanoarquitectos.com\/index.php\/wp-json\/wp\/v2\/comments?post=2546"}],"version-history":[{"count":51,"href":"https:\/\/manzanoarquitectos.com\/index.php\/wp-json\/wp\/v2\/pages\/2546\/revisions"}],"predecessor-version":[{"id":3110,"href":"https:\/\/manzanoarquitectos.com\/index.php\/wp-json\/wp\/v2\/pages\/2546\/revisions\/3110"}],"wp:attachment":[{"href":"https:\/\/manzanoarquitectos.com\/index.php\/wp-json\/wp\/v2\/media?parent=2546"}],"curies":[{"name":"wp","href":"https:\/\/api.w.org\/{rel}","templated":true}]}}